{"id":273,"date":"2026-02-19T11:27:02","date_gmt":"2026-02-19T11:27:02","guid":{"rendered":"https:\/\/fabrimetal.net\/?page_id=273"},"modified":"2026-03-03T14:44:43","modified_gmt":"2026-03-03T14:44:43","slug":"faq","status":"publish","type":"page","link":"https:\/\/fabrimetal.net\/en\/faq\/","title":{"rendered":"FAQ"},"content":{"rendered":"\t\t<div data-elementor-type=\"wp-page\" data-elementor-id=\"273\" class=\"elementor elementor-273\" data-elementor-post-type=\"page\">\n\t\t\t\t<div class=\"elementor-element elementor-element-4cbc8b07 e-flex e-con-boxed e-con e-parent\" data-id=\"4cbc8b07\" data-element_type=\"container\" data-e-type=\"container\" data-settings=\"{&quot;background_background&quot;:&quot;classic&quot;}\">\n\t\t\t\t\t<div class=\"e-con-inner\">\n\t\t<div class=\"elementor-element elementor-element-454539e e-con-full e-flex e-con e-child\" data-id=\"454539e\" data-element_type=\"container\" data-e-type=\"container\">\n\t\t\t\t<div class=\"elementor-element elementor-element-1160e15d elementor-invisible elementor-widget elementor-widget-heading\" data-id=\"1160e15d\" data-element_type=\"widget\" data-e-type=\"widget\" data-settings=\"{&quot;_animation&quot;:&quot;fadeInUp&quot;}\" data-widget_type=\"heading.default\">\n\t\t\t\t\t<h1 class=\"elementor-heading-title elementor-size-default\">FAQ<\/h1>\t\t\t\t<\/div>\n\t\t\t\t<div class=\"elementor-element elementor-element-99104ac elementor-invisible elementor-widget elementor-widget-heading\" data-id=\"99104ac\" data-element_type=\"widget\" data-e-type=\"widget\" data-settings=\"{&quot;_animation&quot;:&quot;fadeInUp&quot;,&quot;_animation_delay&quot;:200}\" data-widget_type=\"heading.default\">\n\t\t\t\t\t<h4 class=\"elementor-heading-title elementor-size-default\">Questions fr\u00e9quemment pos\u00e9es<\/h4>\t\t\t\t<\/div>\n\t\t\t\t<\/div>\n\t\t\t\t\t<\/div>\n\t\t\t\t<\/div>\n\t\t<div class=\"elementor-element elementor-element-e6ab78a e-flex e-con-boxed e-con e-parent\" data-id=\"e6ab78a\" data-element_type=\"container\" data-e-type=\"container\">\n\t\t\t\t\t<div class=\"e-con-inner\">\n\t\t<div class=\"elementor-element elementor-element-4f2786ee e-con-full e-flex elementor-invisible e-con e-child\" data-id=\"4f2786ee\" data-element_type=\"container\" data-e-type=\"container\" data-settings=\"{&quot;animation&quot;:&quot;fadeInLeft&quot;,&quot;background_background&quot;:&quot;classic&quot;}\">\n\t\t\t\t<div class=\"elementor-element elementor-element-3b5d2fb6 elementor-widget elementor-widget-heading\" data-id=\"3b5d2fb6\" data-element_type=\"widget\" data-e-type=\"widget\" data-widget_type=\"heading.default\">\n\t\t\t\t\t<h6 class=\"elementor-heading-title elementor-size-default\"> Foire Aux Questions<\/h6>\t\t\t\t<\/div>\n\t\t\t\t<div class=\"elementor-element elementor-element-25e3e55f elementor-widget elementor-widget-heading\" data-id=\"25e3e55f\" data-element_type=\"widget\" data-e-type=\"widget\" data-widget_type=\"heading.default\">\n\t\t\t\t\t<h2 class=\"elementor-heading-title elementor-size-default\">Bienvenue dans notre Foire Aux<\/h2>\t\t\t\t<\/div>\n\t\t\t\t<div class=\"elementor-element elementor-element-25cd124d elementor-widget elementor-widget-text-editor\" data-id=\"25cd124d\" data-element_type=\"widget\" data-e-type=\"widget\" data-widget_type=\"text-editor.default\">\n\t\t\t\t\t\t\t\t\t<p>Vous trouverez ici les r\u00e9ponses aux interrogations les plus fr\u00e9quentes concernant FAMECO, nos services et nos produits.<\/p>\t\t\t\t\t\t\t\t<\/div>\n\t\t\t\t<\/div>\n\t\t<div class=\"elementor-element elementor-element-131435c2 e-con-full e-flex elementor-invisible e-con e-child\" data-id=\"131435c2\" data-element_type=\"container\" data-e-type=\"container\" data-settings=\"{&quot;animation&quot;:&quot;fadeIn&quot;,&quot;animation_delay&quot;:250}\">\n\t\t\t\t<div class=\"elementor-element elementor-element-72e232c0 elementor-widget elementor-widget-elementskit-accordion\" data-id=\"72e232c0\" data-element_type=\"widget\" data-e-type=\"widget\" data-widget_type=\"elementskit-accordion.default\">\n\t\t\t\t\t<div class=\"ekit-wid-con\" >\n        <div class=\"elementskit-accordion accoedion-primary\" id=\"accordion-69f25001cd54f\">\n\n            \n                <div class=\"elementskit-card active\">\n                    <div class=\"elementskit-card-header\" id=\"primaryHeading-0-72e232c0\">\n                        <a href=\"#collapse-cefbfcc69f25001cd54f\" class=\"ekit-accordion--toggler elementskit-btn-link collapsed\" data-ekit-toggle=\"collapse\" data-target=\"#Collapse-cefbfcc69f25001cd54f\" aria-expanded=\"true\" aria-controls=\"Collapse-cefbfcc69f25001cd54f\">\n                            \n                            <span class=\"ekit-accordion-title\">Que produisez-vous ?<\/span>\n\n                            \n                                <div class=\"ekit_accordion_icon_group\">\n                                    <div class=\"ekit_accordion_normal_icon\">\n                                        <!-- Normal Icon -->\n\t\t\t\t\t\t\t\t\t\t<i class=\"icons icon-arrow-down\"><\/i>                                    <\/div>\n\n                                    <div class=\"ekit_accordion_active_icon\">\n                                        <!-- Active Icon -->\n\t\t\t\t\t\t\t\t\t\t<i class=\"icons icon-arrow-up\"><\/i>                                    <\/div>\n                                <\/div>\n\n                            \n                                                    <\/a>\n                    <\/div>\n\n                    <div id=\"Collapse-cefbfcc69f25001cd54f\" class=\" show collapse\" aria-labelledby=\"primaryHeading-0-72e232c0\" data-parent=\"#accordion-69f25001cd54f\">\n\n                        <div class=\"elementskit-card-body ekit-accordion--content\">\n                            <p>FAMECO fabrique des <strong>barres d\u2019acier conformes aux normes internationales<\/strong>, disponibles dans une large gamme de diam\u00e8tres allant de 8<strong>\u00a0mm \u00e0 32 mm<\/strong>. Nos produits sont con\u00e7us pour r\u00e9pondre aux exigences des projets d\u2019infrastructure, de construction et d\u2019industrie, garantissant <strong>solidit\u00e9, durabilit\u00e9 et fiabilit\u00e9<\/strong>.<\/p>                        <\/div>\n\n                    <\/div>\n\n                <\/div><!-- .elementskit-card END -->\n\n                \n                <div class=\"elementskit-card \">\n                    <div class=\"elementskit-card-header\" id=\"primaryHeading-1-72e232c0\">\n                        <a href=\"#collapse-ed446f069f25001cd54f\" class=\"ekit-accordion--toggler elementskit-btn-link collapsed\" data-ekit-toggle=\"collapse\" data-target=\"#Collapse-ed446f069f25001cd54f\" aria-expanded=\"false\" aria-controls=\"Collapse-ed446f069f25001cd54f\">\n                            \n                            <span class=\"ekit-accordion-title\">Comment puis-je obtenir un devis ?<\/span>\n\n                            \n                                <div class=\"ekit_accordion_icon_group\">\n                                    <div class=\"ekit_accordion_normal_icon\">\n                                        <!-- Normal Icon -->\n\t\t\t\t\t\t\t\t\t\t<i class=\"icons icon-arrow-down\"><\/i>                                    <\/div>\n\n                                    <div class=\"ekit_accordion_active_icon\">\n                                        <!-- Active Icon -->\n\t\t\t\t\t\t\t\t\t\t<i class=\"icons icon-arrow-up\"><\/i>                                    <\/div>\n                                <\/div>\n\n                            \n                                                    <\/a>\n                    <\/div>\n\n                    <div id=\"Collapse-ed446f069f25001cd54f\" class=\" collapse\" aria-labelledby=\"primaryHeading-1-72e232c0\" data-parent=\"#accordion-69f25001cd54f\">\n\n                        <div class=\"elementskit-card-body ekit-accordion--content\">\n                            <p>Pour obtenir un devis, il vous suffit de cliquer sur le bouton <strong>\u00ab Demander un devis \u00bb<\/strong> situ\u00e9 en haut de la page et de remplir le formulaire en ligne. Notre \u00e9quipe analysera votre demande et vous r\u00e9pondra rapidement avec une estimation claire et personnalis\u00e9e.<\/p><p>Vous pouvez \u00e9galement nous \u00e9crire directement \u00e0 l\u2019adresse <strong>drc.marketing@fabrimetal.net<\/strong>\u00a0pour toute demande sp\u00e9cifique ou compl\u00e9mentaire.<\/p>                        <\/div>\n\n                    <\/div>\n\n                <\/div><!-- .elementskit-card END -->\n\n                \n                <div class=\"elementskit-card \">\n                    <div class=\"elementskit-card-header\" id=\"primaryHeading-2-72e232c0\">\n                        <a href=\"#collapse-06ad82469f25001cd54f\" class=\"ekit-accordion--toggler elementskit-btn-link collapsed\" data-ekit-toggle=\"collapse\" data-target=\"#Collapse-06ad82469f25001cd54f\" aria-expanded=\"false\" aria-controls=\"Collapse-06ad82469f25001cd54f\">\n                            \n                            <span class=\"ekit-accordion-title\">O\u00f9 se trouve votre usine ?<\/span>\n\n                            \n                                <div class=\"ekit_accordion_icon_group\">\n                                    <div class=\"ekit_accordion_normal_icon\">\n                                        <!-- Normal Icon -->\n\t\t\t\t\t\t\t\t\t\t<i class=\"icons icon-arrow-down\"><\/i>                                    <\/div>\n\n                                    <div class=\"ekit_accordion_active_icon\">\n                                        <!-- Active Icon -->\n\t\t\t\t\t\t\t\t\t\t<i class=\"icons icon-arrow-up\"><\/i>                                    <\/div>\n                                <\/div>\n\n                            \n                                                    <\/a>\n                    <\/div>\n\n                    <div id=\"Collapse-06ad82469f25001cd54f\" class=\" collapse\" aria-labelledby=\"primaryHeading-2-72e232c0\" data-parent=\"#accordion-69f25001cd54f\">\n\n                        <div class=\"elementskit-card-body ekit-accordion--content\">\n                            <p>Nous sommes situ\u00e9s \u00e0 Kinshasa, au no 6, de la 17 \u00e8me rue industriel, dans la commune de limete.<\/p>                        <\/div>\n\n                    <\/div>\n\n                <\/div><!-- .elementskit-card END -->\n\n                \n                <div class=\"elementskit-card \">\n                    <div class=\"elementskit-card-header\" id=\"primaryHeading-3-72e232c0\">\n                        <a href=\"#collapse-d84a51f69f25001cd54f\" class=\"ekit-accordion--toggler elementskit-btn-link collapsed\" data-ekit-toggle=\"collapse\" data-target=\"#Collapse-d84a51f69f25001cd54f\" aria-expanded=\"false\" aria-controls=\"Collapse-d84a51f69f25001cd54f\">\n                            \n                            <span class=\"ekit-accordion-title\">Quel est l\u2019engagement social de FAMECO ?<\/span>\n\n                            \n                                <div class=\"ekit_accordion_icon_group\">\n                                    <div class=\"ekit_accordion_normal_icon\">\n                                        <!-- Normal Icon -->\n\t\t\t\t\t\t\t\t\t\t<i class=\"icons icon-arrow-down\"><\/i>                                    <\/div>\n\n                                    <div class=\"ekit_accordion_active_icon\">\n                                        <!-- Active Icon -->\n\t\t\t\t\t\t\t\t\t\t<i class=\"icons icon-arrow-up\"><\/i>                                    <\/div>\n                                <\/div>\n\n                            \n                                                    <\/a>\n                    <\/div>\n\n                    <div id=\"Collapse-d84a51f69f25001cd54f\" class=\" collapse\" aria-labelledby=\"primaryHeading-3-72e232c0\" data-parent=\"#accordion-69f25001cd54f\">\n\n                        <div class=\"elementskit-card-body ekit-accordion--content\">\n                            <p><strong>Sur le plan socio-\u00e9conomique :<\/strong><\/p><p>Nous contribuons au renforcement des communaut\u00e9s en cr\u00e9ant des emplois durables, en formant la main-d\u2019\u0153uvre locale et en soutenant le d\u00e9veloppement \u00e9conomique des familles congolaises.<\/p><p><strong>Sur le plan Environnemental\u00a0:<\/strong><\/p><p>La ferraille est la mati\u00e8re principale dans la fabrication en acier. En r\u00e9cup\u00e9rant les d\u00e9chets m\u00e9talliques issus de la vie quotidienne (v\u00e9hicules, machines, chutes industrielles, etc.), nous transformons ce qui serait un polluant en une ressource de valeur et contribuons au d\u00e9veloppement durable de la soci\u00e9t\u00e9.<\/p>                        <\/div>\n\n                    <\/div>\n\n                <\/div><!-- .elementskit-card END -->\n\n                \n                <div class=\"elementskit-card \">\n                    <div class=\"elementskit-card-header\" id=\"primaryHeading-4-72e232c0\">\n                        <a href=\"#collapse-d0bcf2269f25001cd54f\" class=\"ekit-accordion--toggler elementskit-btn-link collapsed\" data-ekit-toggle=\"collapse\" data-target=\"#Collapse-d0bcf2269f25001cd54f\" aria-expanded=\"false\" aria-controls=\"Collapse-d0bcf2269f25001cd54f\">\n                            \n                            <span class=\"ekit-accordion-title\">Vos produits sont-ils certifi\u00e9s ?<\/span>\n\n                            \n                                <div class=\"ekit_accordion_icon_group\">\n                                    <div class=\"ekit_accordion_normal_icon\">\n                                        <!-- Normal Icon -->\n\t\t\t\t\t\t\t\t\t\t<i class=\"icons icon-arrow-down\"><\/i>                                    <\/div>\n\n                                    <div class=\"ekit_accordion_active_icon\">\n                                        <!-- Active Icon -->\n\t\t\t\t\t\t\t\t\t\t<i class=\"icons icon-arrow-up\"><\/i>                                    <\/div>\n                                <\/div>\n\n                            \n                                                    <\/a>\n                    <\/div>\n\n                    <div id=\"Collapse-d0bcf2269f25001cd54f\" class=\" collapse\" aria-labelledby=\"primaryHeading-4-72e232c0\" data-parent=\"#accordion-69f25001cd54f\">\n\n                        <div class=\"elementskit-card-body ekit-accordion--content\">\n                            <p>Oui. Nos produits sont certifi\u00e9s conformes aux standards internationaux. Nous mettons r\u00e9guli\u00e8rement en avant nos certifications locales et internationales pour garantir qualit\u00e9, fiabilit\u00e9 et conformit\u00e9 aux normes en vigueur.<\/p>                        <\/div>\n\n                    <\/div>\n\n                <\/div><!-- .elementskit-card END -->\n\n                                        <\/div>\n    <\/div>\t\t\t\t<\/div>\n\t\t\t\t<\/div>\n\t\t\t\t\t<\/div>\n\t\t\t\t<\/div>\n\t\t\t\t<section class=\"elementor-section elementor-top-section elementor-element elementor-element-daa8c5 elementor-section-boxed elementor-section-height-default elementor-section-height-default\" data-id=\"daa8c5\" data-element_type=\"section\" data-e-type=\"section\" data-settings=\"{&quot;background_background&quot;:&quot;classic&quot;}\">\n\t\t\t\t\t\t\t<div class=\"elementor-background-overlay\"><\/div>\n\t\t\t\t\t\t\t<div class=\"elementor-container elementor-column-gap-default\">\n\t\t\t\t\t<div class=\"elementor-column elementor-col-50 elementor-top-column elementor-element elementor-element-6956d5e3 elementor-invisible\" data-id=\"6956d5e3\" data-element_type=\"column\" data-e-type=\"column\" data-settings=\"{&quot;animation&quot;:&quot;fadeInLeft&quot;}\">\n\t\t\t<div class=\"elementor-widget-wrap elementor-element-populated\">\n\t\t\t\t\t\t<div class=\"elementor-element elementor-element-6c468059 elementor-widget elementor-widget-heading\" data-id=\"6c468059\" data-element_type=\"widget\" data-e-type=\"widget\" data-widget_type=\"heading.default\">\n\t\t\t\t\t<h2 class=\"elementor-heading-title elementor-size-default\">Vous ne trouvez pas la r\u00e9ponse\u202f? Posez-nous votre question.<\/h2>\t\t\t\t<\/div>\n\t\t\t\t<div class=\"elementor-element elementor-element-5d017af8 elementor-widget elementor-widget-text-editor\" data-id=\"5d017af8\" data-element_type=\"widget\" data-e-type=\"widget\" data-widget_type=\"text-editor.default\">\n\t\t\t\t\t\t\t\t\t<p>\u00a0Notre \u00e9quipe est disponible pour vous fournir toutes les informations compl\u00e9mentaires. N\u2019h\u00e9sitez pas \u00e0 nous \u00e9crire, nous vous r\u00e9pondrons dans les plus brefs d\u00e9lais.<\/p>\t\t\t\t\t\t\t\t<\/div>\n\t\t\t\t<div class=\"elementor-element elementor-element-7eeff5ea elementor-widget-divider--view-line elementor-widget elementor-widget-divider\" data-id=\"7eeff5ea\" data-element_type=\"widget\" data-e-type=\"widget\" data-widget_type=\"divider.default\">\n\t\t\t\t\t\t\t<div class=\"elementor-divider\">\n\t\t\t<span class=\"elementor-divider-separator\">\n\t\t\t\t\t\t<\/span>\n\t\t<\/div>\n\t\t\t\t\t\t<\/div>\n\t\t\t\t<div class=\"elementor-element elementor-element-69fe9686 elementor-view-framed elementor-position-inline-start elementor-mobile-position-inline-start elementor-widget__width-initial elementor-shape-circle elementor-widget elementor-widget-icon-box\" data-id=\"69fe9686\" data-element_type=\"widget\" data-e-type=\"widget\" data-widget_type=\"icon-box.default\">\n\t\t\t\t\t\t\t<div class=\"elementor-icon-box-wrapper\">\n\n\t\t\t\t\t\t<div class=\"elementor-icon-box-icon\">\n\t\t\t\t<span  class=\"elementor-icon\">\n\t\t\t\t<i aria-hidden=\"true\" class=\" ti-headphone-alt\"><\/i>\t\t\t\t<\/span>\n\t\t\t<\/div>\n\t\t\t\n\t\t\t\t\t\t<div class=\"elementor-icon-box-content\">\n\n\t\t\t\t\n\t\t\t\t\t\t\t\t\t<p class=\"elementor-icon-box-description\">\n\t\t\t\t\t\t+243 999 922 576\t\t\t\t\t<\/p>\n\t\t\t\t\n\t\t\t<\/div>\n\t\t\t\n\t\t<\/div>\n\t\t\t\t\t\t<\/div>\n\t\t\t\t\t<\/div>\n\t\t<\/div>\n\t\t\t\t<div class=\"elementor-column elementor-col-50 elementor-top-column elementor-element elementor-element-68010460 elementor-invisible\" data-id=\"68010460\" data-element_type=\"column\" data-e-type=\"column\" data-settings=\"{&quot;background_background&quot;:&quot;classic&quot;,&quot;animation&quot;:&quot;fadeInDown&quot;}\">\n\t\t\t<div class=\"elementor-widget-wrap elementor-element-populated\">\n\t\t\t\t\t\t<div class=\"elementor-element elementor-element-54908cc0 elementor-mobile-button-align-stretch elementor-widget elementor-widget-form\" data-id=\"54908cc0\" data-element_type=\"widget\" data-e-type=\"widget\" data-settings=\"{&quot;step_next_label&quot;:&quot;Next&quot;,&quot;step_previous_label&quot;:&quot;Previous&quot;,&quot;button_width&quot;:&quot;100&quot;,&quot;step_type&quot;:&quot;number_text&quot;,&quot;step_icon_shape&quot;:&quot;circle&quot;}\" data-widget_type=\"form.default\">\n\t\t\t\t\t\t\t<form class=\"elementor-form\" method=\"post\" name=\"New Form\" aria-label=\"New Form\">\n\t\t\t<input type=\"hidden\" name=\"post_id\" value=\"273\"\/>\n\t\t\t<input type=\"hidden\" name=\"form_id\" value=\"54908cc0\"\/>\n\t\t\t<input type=\"hidden\" name=\"referer_title\" value=\"FAQ\" \/>\n\n\t\t\t\t\t\t\t<input type=\"hidden\" name=\"queried_id\" value=\"273\"\/>\n\t\t\t\n\t\t\t<div class=\"elementor-form-fields-wrapper elementor-labels-above\">\n\t\t\t\t\t\t\t\t<div class=\"elementor-field-type-text elementor-field-group elementor-column elementor-field-group-name elementor-col-100\">\n\t\t\t\t\t\t\t\t\t\t\t\t<label for=\"form-field-name\" class=\"elementor-field-label\">\n\t\t\t\t\t\t\t\tNom\t\t\t\t\t\t\t<\/label>\n\t\t\t\t\t\t\t\t\t\t\t\t\t\t<input size=\"1\" type=\"text\" name=\"form_fields[name]\" id=\"form-field-name\" class=\"elementor-field elementor-size-md  elementor-field-textual\" placeholder=\"Nom\">\n\t\t\t\t\t\t\t\t\t\t\t<\/div>\n\t\t\t\t\t\t\t\t<div class=\"elementor-field-type-email elementor-field-group elementor-column elementor-field-group-email elementor-col-100 elementor-field-required\">\n\t\t\t\t\t\t\t\t\t\t\t\t<label for=\"form-field-email\" class=\"elementor-field-label\">\n\t\t\t\t\t\t\t\tEmail\t\t\t\t\t\t\t<\/label>\n\t\t\t\t\t\t\t\t\t\t\t\t\t\t<input size=\"1\" type=\"email\" name=\"form_fields[email]\" id=\"form-field-email\" class=\"elementor-field elementor-size-md  elementor-field-textual\" placeholder=\"Email\" required=\"required\">\n\t\t\t\t\t\t\t\t\t\t\t<\/div>\n\t\t\t\t\t\t\t\t<div class=\"elementor-field-type-textarea elementor-field-group elementor-column elementor-field-group-message elementor-col-100\">\n\t\t\t\t\t\t\t\t\t\t\t\t<label for=\"form-field-message\" class=\"elementor-field-label\">\n\t\t\t\t\t\t\t\tMessage\t\t\t\t\t\t\t<\/label>\n\t\t\t\t\t\t<textarea class=\"elementor-field-textual elementor-field  elementor-size-md\" name=\"form_fields[message]\" id=\"form-field-message\" rows=\"4\" placeholder=\"Message\"><\/textarea>\t\t\t\t<\/div>\n\t\t\t\t\t\t\t\t<div class=\"elementor-field-group elementor-column elementor-field-type-submit elementor-col-100 e-form__buttons\">\n\t\t\t\t\t<button class=\"elementor-button elementor-size-md\" type=\"submit\">\n\t\t\t\t\t\t<span class=\"elementor-button-content-wrapper\">\n\t\t\t\t\t\t\t\t\t\t\t\t\t\t\t\t\t\t\t\t\t\t<span class=\"elementor-button-text\">Envoyer le message<\/span>\n\t\t\t\t\t\t\t\t\t\t\t\t\t<\/span>\n\t\t\t\t\t<\/button>\n\t\t\t\t<\/div>\n\t\t\t<\/div>\n\t\t<\/form>\n\t\t\t\t\t\t<\/div>\n\t\t\t\t\t<\/div>\n\t\t<\/div>\n\t\t\t\t\t<\/div>\n\t\t<\/section>\n\t\t\t\t<\/div>\n\t\t","protected":false},"excerpt":{"rendered":"<p>Questions fr\u00e9quemment pos\u00e9es Foire Aux Questions Bienvenue dans notre Foire Aux Vous trouverez ici les r\u00e9ponses aux interrogations les plus fr\u00e9quentes concernant FAMECO, nos services et nos produits. Que produisez-vous ? FAMECO fabrique des barres d\u2019acier conformes aux normes internationales, disponibles dans une large gamme de diam\u00e8tres allant de 8 mm \u00e0 32 mm. Nos [&hellip;]<\/p>\n","protected":false},"author":1,"featured_media":0,"parent":0,"menu_order":0,"comment_status":"closed","ping_status":"closed","template":"elementor_header_footer","meta":{"footnotes":""},"class_list":["post-273","page","type-page","status-publish","hentry"],"_links":{"self":[{"href":"https:\/\/fabrimetal.net\/en\/wp-json\/wp\/v2\/pages\/273","targetHints":{"allow":["GET"]}}],"collection":[{"href":"https:\/\/fabrimetal.net\/en\/wp-json\/wp\/v2\/pages"}],"about":[{"href":"https:\/\/fabrimetal.net\/en\/wp-json\/wp\/v2\/types\/page"}],"author":[{"embeddable":true,"href":"https:\/\/fabrimetal.net\/en\/wp-json\/wp\/v2\/users\/1"}],"replies":[{"embeddable":true,"href":"https:\/\/fabrimetal.net\/en\/wp-json\/wp\/v2\/comments?post=273"}],"version-history":[{"count":23,"href":"https:\/\/fabrimetal.net\/en\/wp-json\/wp\/v2\/pages\/273\/revisions"}],"predecessor-version":[{"id":915,"href":"https:\/\/fabrimetal.net\/en\/wp-json\/wp\/v2\/pages\/273\/revisions\/915"}],"wp:attachment":[{"href":"https:\/\/fabrimetal.net\/en\/wp-json\/wp\/v2\/media?parent=273"}],"curies":[{"name":"wp","href":"https:\/\/api.w.org\/{rel}","templated":true}]}}